{"id":302,"date":"2023-07-24T19:38:59","date_gmt":"2023-07-24T22:38:59","guid":{"rendered":"http:\/\/ingenius.eng.br\/?page_id=302"},"modified":"2023-07-24T23:43:42","modified_gmt":"2023-07-25T02:43:42","slug":"laboratorio-de-mudas","status":"publish","type":"page","link":"http:\/\/ingenius.eng.br\/?page_id=302","title":{"rendered":"Laborat\u00f3rio de Mudas"},"content":{"rendered":"\t\t<div data-elementor-type=\"wp-page\" data-elementor-id=\"302\" class=\"elementor elementor-302\" data-elementor-post-type=\"page\">\n\t\t\t\t<div class=\"elementor-element elementor-element-c2f4fe7 e-con-full e-flex e-con e-parent\" data-id=\"c2f4fe7\" data-element_type=\"container\" data-settings=\"{&quot;background_background&quot;:&quot;classic&quot;}\">\n\t\t<div class=\"elementor-element elementor-element-ef73741 e-con-full elementor-hidden-tablet elementor-hidden-mobile e-flex e-con e-child\" data-id=\"ef73741\" data-element_type=\"container\" data-settings=\"{&quot;background_background&quot;:&quot;classic&quot;}\">\n\t\t\t\t<\/div>\n\t\t<div class=\"elementor-element elementor-element-1ca885b e-con-full e-flex e-con e-child\" data-id=\"1ca885b\" data-element_type=\"container\" data-settings=\"{&quot;background_background&quot;:&quot;classic&quot;}\">\n\t\t\t\t<div class=\"elementor-element elementor-element-571dbff elementor-widget elementor-widget-heading\" data-id=\"571dbff\" data-element_type=\"widget\" data-widget_type=\"heading.default\">\n\t\t\t\t<div class=\"elementor-widget-container\">\n\t\t\t\t\t<h2 class=\"elementor-heading-title elementor-size-default\">Laborat\u00f3rio de Mudas<\/h2>\t\t\t\t<\/div>\n\t\t\t\t<\/div>\n\t\t\t\t<div class=\"elementor-element elementor-element-88814fc elementor-widget elementor-widget-text-editor\" data-id=\"88814fc\" data-element_type=\"widget\" data-widget_type=\"text-editor.default\">\n\t\t\t\t<div class=\"elementor-widget-container\">\n\t\t\t\t\t\t\t\t\t<p>Desenvolvimento de projeto multidisciplinar para Laborat\u00f3rio de cultura de tecidos para empresa Agropalma. Nosso partido arquitet\u00f4nico se desenvolve a partir da forma a Palma, a mat\u00e9ria-prima de v\u00e1rios produtos de nosso cliente<\/p>\t\t\t\t\t\t\t\t<\/div>\n\t\t\t\t<\/div>\n\t\t\t\t<\/div>\n\t\t<div class=\"elementor-element elementor-element-2b93380 e-con-full e-flex e-con e-child\" data-id=\"2b93380\" data-element_type=\"container\" data-settings=\"{&quot;background_background&quot;:&quot;classic&quot;}\">\n\t\t\t\t<\/div>\n\t\t\t\t<\/div>\n\t\t<div class=\"elementor-element elementor-element-14f0644 e-flex e-con-boxed e-con e-parent\" data-id=\"14f0644\" data-element_type=\"container\" data-settings=\"{&quot;shape_divider_top&quot;:&quot;pyramids&quot;}\">\n\t\t\t\t\t<div class=\"e-con-inner\">\n\t\t\t\t<div class=\"elementor-shape elementor-shape-top\" aria-hidden=\"true\" data-negative=\"false\">\n\t\t\t<svg xmlns=\"http:\/\/www.w3.org\/2000\/svg\" viewBox=\"0 0 1000 100\" preserveAspectRatio=\"none\">\n\t<path class=\"elementor-shape-fill\" d=\"M761.9,44.1L643.1,27.2L333.8,98L0,3.8V0l1000,0v3.9\"\/>\n<\/svg>\t\t<\/div>\n\t\t\t\t<div class=\"elementor-element elementor-element-bebb9a4 elementor-widget elementor-widget-image\" data-id=\"bebb9a4\" data-element_type=\"widget\" data-widget_type=\"image.default\">\n\t\t\t\t<div class=\"elementor-widget-container\">\n\t\t\t\t\t\t\t\t\t\t\t\t\t\t\t<img fetchpriority=\"high\" decoding=\"async\" width=\"800\" height=\"115\" src=\"http:\/\/ingenius.eng.br\/wp-content\/uploads\/2023\/07\/Laboratorio-CORTE-A-I.png\" class=\"attachment-large size-large wp-image-324\" alt=\"\" \/>\t\t\t\t\t\t\t\t\t\t\t\t\t\t\t<\/div>\n\t\t\t\t<\/div>\n\t\t\t\t\t<\/div>\n\t\t\t\t<\/div>\n\t\t\t\t<\/div>\n\t\t","protected":false},"excerpt":{"rendered":"<p>Laborat\u00f3rio de Mudas Desenvolvimento de projeto multidisciplinar para Laborat\u00f3rio de cultura de tecidos para empresa Agropalma. Nosso partido arquitet\u00f4nico se desenvolve a partir da forma a Palma, a mat\u00e9ria-prima de v\u00e1rios produtos de nosso cliente<\/p>\n","protected":false},"author":1,"featured_media":0,"parent":0,"menu_order":0,"comment_status":"closed","ping_status":"closed","template":"elementor_header_footer","meta":{"footnotes":""},"class_list":["post-302","page","type-page","status-publish","hentry"],"_links":{"self":[{"href":"http:\/\/ingenius.eng.br\/index.php?rest_route=\/wp\/v2\/pages\/302","targetHints":{"allow":["GET"]}}],"collection":[{"href":"http:\/\/ingenius.eng.br\/index.php?rest_route=\/wp\/v2\/pages"}],"about":[{"href":"http:\/\/ingenius.eng.br\/index.php?rest_route=\/wp\/v2\/types\/page"}],"author":[{"embeddable":true,"href":"http:\/\/ingenius.eng.br\/index.php?rest_route=\/wp\/v2\/users\/1"}],"replies":[{"embeddable":true,"href":"http:\/\/ingenius.eng.br\/index.php?rest_route=%2Fwp%2Fv2%2Fcomments&post=302"}],"version-history":[{"count":22,"href":"http:\/\/ingenius.eng.br\/index.php?rest_route=\/wp\/v2\/pages\/302\/revisions"}],"predecessor-version":[{"id":341,"href":"http:\/\/ingenius.eng.br\/index.php?rest_route=\/wp\/v2\/pages\/302\/revisions\/341"}],"wp:attachment":[{"href":"http:\/\/ingenius.eng.br\/index.php?rest_route=%2Fwp%2Fv2%2Fmedia&parent=302"}],"curies":[{"name":"wp","href":"https:\/\/api.w.org\/{rel}","templated":true}]}}